{"id":2656,"date":"2022-01-02T10:18:44","date_gmt":"2022-01-02T10:18:44","guid":{"rendered":"http:\/\/www.boostexpertiz.ci\/?page_id=2656"},"modified":"2022-03-21T21:15:32","modified_gmt":"2022-03-21T21:15:32","slug":"nos-certificats","status":"publish","type":"page","link":"https:\/\/boostexpertiz.com\/?page_id=2656","title":{"rendered":"Nos certificats"},"content":{"rendered":"\t\t<div data-elementor-type=\"wp-post\" data-elementor-id=\"2656\" class=\"elementor elementor-2656\">\n\t\t\t\t\t\t<section class=\"elementor-section elementor-top-section elementor-element elementor-element-e378678 elementor-section-boxed elementor-section-height-default elementor-section-height-default\" data-id=\"e378678\" data-element_type=\"section\">\n\t\t\t\t\t\t<div class=\"elementor-container elementor-column-gap-default\">\n\t\t\t\t\t<div class=\"elementor-column elementor-col-100 elementor-top-column elementor-element elementor-element-5b5ea71\" data-id=\"5b5ea71\" data-element_type=\"column\">\n\t\t\t<div class=\"elementor-widget-wrap elementor-element-populated\">\n\t\t\t\t\t\t<div class=\"elementor-element elementor-element-b4e2357 elementor-widget elementor-widget-heading\" data-id=\"b4e2357\" data-element_type=\"widget\" data-widget_type=\"heading.default\">\n\t\t\t\t<div class=\"elementor-widget-container\">\n\t\t\t<style>\/*! elementor - v3.21.0 - 30-04-2024 *\/\n.elementor-heading-title{padding:0;margin:0;line-height:1}.elementor-widget-heading .elementor-heading-title[class*=elementor-size-]>a{color:inherit;font-size:inherit;line-height:inherit}.elementor-widget-heading .elementor-heading-title.elementor-size-small{font-size:15px}.elementor-widget-heading .elementor-heading-title.elementor-size-medium{font-size:19px}.elementor-widget-heading .elementor-heading-title.elementor-size-large{font-size:29px}.elementor-widget-heading .elementor-heading-title.elementor-size-xl{font-size:39px}.elementor-widget-heading .elementor-heading-title.elementor-size-xxl{font-size:59px}<\/style><h3 class=\"elementor-heading-title elementor-size-default\">NOS SESSIONS DE FORMATION<\/h3>\t\t<\/div>\n\t\t\t\t<\/div>\n\t\t\t\t\t<\/div>\n\t\t<\/div>\n\t\t\t\t\t<\/div>\n\t\t<\/section>\n\t\t\t\t<section class=\"elementor-section elementor-top-section elementor-element elementor-element-745816c elementor-section-boxed elementor-section-height-default elementor-section-height-default\" data-id=\"745816c\" data-element_type=\"section\">\n\t\t\t\t\t\t<div class=\"elementor-container elementor-column-gap-default\">\n\t\t\t\t\t<div class=\"elementor-column elementor-col-50 elementor-top-column elementor-element elementor-element-2a9ff49\" data-id=\"2a9ff49\" data-element_type=\"column\">\n\t\t\t<div class=\"elementor-widget-wrap elementor-element-populated\">\n\t\t\t\t\t\t<div class=\"elementor-element elementor-element-6fbc2e6 elementor-widget elementor-widget-heading\" data-id=\"6fbc2e6\" data-element_type=\"widget\" data-widget_type=\"heading.default\">\n\t\t\t\t<div class=\"elementor-widget-container\">\n\t\t\t<h3 class=\"elementor-heading-title elementor-size-default\">Les sessions programm\u00e9es<\/h3>\t\t<\/div>\n\t\t\t\t<\/div>\n\t\t\t\t<div class=\"elementor-element elementor-element-e6b6b18 be-text elementor-widget elementor-widget-text-editor\" data-id=\"e6b6b18\" data-element_type=\"widget\" data-widget_type=\"text-editor.default\">\n\t\t\t\t<div class=\"elementor-widget-container\">\n\t\t\t<style>\/*! elementor - v3.21.0 - 30-04-2024 *\/\n.elementor-widget-text-editor.elementor-drop-cap-view-stacked .elementor-drop-cap{background-color:#69727d;color:#fff}.elementor-widget-text-editor.elementor-drop-cap-view-framed .elementor-drop-cap{color:#69727d;border:3px solid;background-color:transparent}.elementor-widget-text-editor:not(.elementor-drop-cap-view-default) .elementor-drop-cap{margin-top:8px}.elementor-widget-text-editor:not(.elementor-drop-cap-view-default) .elementor-drop-cap-letter{width:1em;height:1em}.elementor-widget-text-editor .elementor-drop-cap{float:left;text-align:center;line-height:1;font-size:50px}.elementor-widget-text-editor .elementor-drop-cap-letter{display:inline-block}<\/style>\t\t\t\t<p>Ce sont les sessions de formation programm\u00e9es sur l\u2019ann\u00e9e et ouvertes \u00e0 tout individu satisfaisant aux conditions requises. Elles se tiennent au sein des locaux de BOOST Expertiz Academy ou de ceux d\u2019un de ses partenaires.<\/p><p>La session peut \u00eatre suivie en pr\u00e9sentiel ou en ligne. Les \u00e9valuations se font pour la plupart en ligne et quelques fois en travaux de groupe.<\/p><p>Les contenus d\u2019une session de formation sont g\u00e9n\u00e9ralement des standards, mais peuvent \u00eatre enrichis ou actualis\u00e9s occasionnellement.<\/p>\t\t\t\t\t\t<\/div>\n\t\t\t\t<\/div>\n\t\t\t\t\t<\/div>\n\t\t<\/div>\n\t\t\t\t<div class=\"elementor-column elementor-col-50 elementor-top-column elementor-element elementor-element-bcd15d9\" data-id=\"bcd15d9\" data-element_type=\"column\">\n\t\t\t<div class=\"elementor-widget-wrap elementor-element-populated\">\n\t\t\t\t\t\t<div class=\"elementor-element elementor-element-4e44e71 elementor-widget elementor-widget-heading\" data-id=\"4e44e71\" data-element_type=\"widget\" data-widget_type=\"heading.default\">\n\t\t\t\t<div class=\"elementor-widget-container\">\n\t\t\t<h3 class=\"elementor-heading-title elementor-size-default\">Les sessions \u00e0 la demande<\/h3>\t\t<\/div>\n\t\t\t\t<\/div>\n\t\t\t\t<div class=\"elementor-element elementor-element-fb16b75 be-text elementor-widget elementor-widget-text-editor\" data-id=\"fb16b75\" data-element_type=\"widget\" data-widget_type=\"text-editor.default\">\n\t\t\t\t<div class=\"elementor-widget-container\">\n\t\t\t\t\t\t\t<p>Ce sont des sessions organis\u00e9es par BOOST Expertiz Academy en collaboration avec une organisation ou \u00e0 la demande d\u2019une entreprise, pour un groupe de personnes sp\u00e9cifiques.<\/p><p>Une \u00e9valuation des pr\u00e9requis et une analyse des besoins de comp\u00e9tences sont alors effectu\u00e9es pour mieux orienter et adapter les contenus de formation propos\u00e9s.<\/p><p>La session est organis\u00e9e sur un laps de temps d\u00e9fini par rapport au volume horaire du certificat et en un lieu convenu avec l\u2019organisation ou l\u2019entreprise requ\u00e9rante.<\/p>\t\t\t\t\t\t<\/div>\n\t\t\t\t<\/div>\n\t\t\t\t\t<\/div>\n\t\t<\/div>\n\t\t\t\t\t<\/div>\n\t\t<\/section>\n\t\t\t\t<section class=\"elementor-section elementor-top-section elementor-element elementor-element-cf03d95 elementor-section-boxed elementor-section-height-default elementor-section-height-default\" data-id=\"cf03d95\" data-element_type=\"section\">\n\t\t\t\t\t\t<div class=\"elementor-container elementor-column-gap-default\">\n\t\t\t\t\t<div class=\"elementor-column elementor-col-100 elementor-top-column elementor-element elementor-element-3176361\" data-id=\"3176361\" data-element_type=\"column\">\n\t\t\t<div class=\"elementor-widget-wrap elementor-element-populated\">\n\t\t\t\t\t\t<div class=\"elementor-element elementor-element-0b82403 elementor-widget elementor-widget-heading\" data-id=\"0b82403\" data-element_type=\"widget\" data-widget_type=\"heading.default\">\n\t\t\t\t<div class=\"elementor-widget-container\">\n\t\t\t<h3 class=\"elementor-heading-title elementor-size-default\">DETAILS DES CERTIFICATS<\/h3>\t\t<\/div>\n\t\t\t\t<\/div>\n\t\t\t\t\t<\/div>\n\t\t<\/div>\n\t\t\t\t\t<\/div>\n\t\t<\/section>\n\t\t\t\t<section class=\"elementor-section elementor-top-section elementor-element elementor-element-4c748b4 elementor-section-boxed elementor-section-height-default elementor-section-height-default\" data-id=\"4c748b4\" data-element_type=\"section\">\n\t\t\t\t\t\t<div class=\"elementor-container elementor-column-gap-default\">\n\t\t\t\t\t<div class=\"elementor-column elementor-col-100 elementor-top-column elementor-element elementor-element-92987c2\" data-id=\"92987c2\" data-element_type=\"column\">\n\t\t\t<div class=\"elementor-widget-wrap elementor-element-populated\">\n\t\t\t\t\t\t<div class=\"elementor-element elementor-element-4ea712f elementor-widget elementor-widget-learnpress_list_courses\" data-id=\"4ea712f\" data-element_type=\"widget\" data-widget_type=\"learnpress_list_courses.default\">\n\t\t\t\t<div class=\"elementor-widget-container\">\n\t\t\t\t\t\t<div class=\"lp-archive-courses\">\n\t\t\t\t<ul class=\"learn-press-courses lp-list-courses-no-css\" data-layout=\"grid\"\n\t\t\t\t\tdata-size=\"12\">\n\t\t\t\t\t<li class=\"course\"><div class=\"course-item\" data-id=\"3738\"><div class=\"course-thumbnail\"><a href=\"https:\/\/boostexpertiz.com\/?lp_course=agri-bio\"><div class=\"course-img\"><img decoding=\"async\" src=\"https:\/\/boostexpertiz.com\/wp-content\/plugins\/learnpress\/assets\/images\/no-image.png\" alt=\"Miniature du cours\"><\/div><\/a><\/div><div class=\"course-content\"><h3 class=\"wap-course-title\"><a class=\"course-permalink\" href=\"https:\/\/boostexpertiz.com\/?lp_course=agri-bio\"><span class='course-title'>Agri-BIO<\/span><\/a><\/h3><div class=\"course-instructor-category\"><div><label>by<\/label> <div class=\"course-instructor\"><a href=\"https:\/\/boostexpertiz.com\/?page_id=4206\/boostexpertiz_academy\/\"  > <span class=\"instructor-display-name\">BOOST EXPERTIZ ACADEMY<\/span><\/a><\/div><\/div><div><label>in<\/label> <div class=\"course-categories\">Certificats<\/div><\/div><\/div><div class=\"course-wrap-meta\"><div class=\"meta-item meta-item-duration\"><span class=\"course-duration\">35 Hours<\/span><\/div><div class=\"meta-item meta-item-level\"><span class=\"course-level\">Tous niveaux<\/span><\/div><div class=\"meta-item meta-item-lesson\"><div class=\"course-count-item lp_lesson\">0 Le\u00e7on<\/div><\/div><div class=\"meta-item meta-item-quiz\"><div class=\"course-count-item lp_quiz\">0 Quiz<\/div><\/div><div class=\"meta-item meta-item-student\"><div class=\"course-count-student\">0 Etudiant<\/div><\/div><\/div><p class=\"course-short-description\">Certificat de comp\u00e9tences en agriculture biologique et production agricole durable (Agri BIO) Accro\u00eetre la sensibilit\u00e9...<\/p><div class=\"course-info\"><span class=\"course-price\"><span class=\"course-item-price\"><span class=\"free\">Gratuit<\/span><\/span><\/span><div class=\"course-readmore\"><a href=\"https:\/\/boostexpertiz.com\/?lp_course=agri-bio\">En savoir plus<\/a><\/div><\/div><\/div><\/div><\/li><li class=\"course\"><div class=\"course-item\" data-id=\"3760\"><div class=\"course-thumbnail\"><a href=\"https:\/\/boostexpertiz.com\/?lp_course=entreprenariat-et-developpement-personnel\"><div class=\"course-img\"><img decoding=\"async\" src=\"https:\/\/boostexpertiz.com\/wp-content\/plugins\/learnpress\/assets\/images\/no-image.png\" alt=\"Miniature du cours\"><\/div><\/a><\/div><div class=\"course-content\"><h3 class=\"wap-course-title\"><a class=\"course-permalink\" href=\"https:\/\/boostexpertiz.com\/?lp_course=entreprenariat-et-developpement-personnel\"><span class='course-title'>Entreprenariat et d\u00e9veloppement personnel<\/span><\/a><\/h3><div class=\"course-instructor-category\"><div><label>by<\/label> <div class=\"course-instructor\"><a href=\"https:\/\/boostexpertiz.com\/?page_id=4206\/boostexpertiz_academy\/\"  > <span class=\"instructor-display-name\">BOOST EXPERTIZ ACADEMY<\/span><\/a><\/div><\/div><div><label>in<\/label> <div class=\"course-categories\">Atelier de d\u00e9veloppement personnel et entrepreneurial<\/div><\/div><\/div><div class=\"course-wrap-meta\"><div class=\"meta-item meta-item-duration\"><span class=\"course-duration\">10 Weeks<\/span><\/div><div class=\"meta-item meta-item-level\"><span class=\"course-level\">Tous niveaux<\/span><\/div><div class=\"meta-item meta-item-lesson\"><div class=\"course-count-item lp_lesson\">0 Le\u00e7on<\/div><\/div><div class=\"meta-item meta-item-quiz\"><div class=\"course-count-item lp_quiz\">0 Quiz<\/div><\/div><div class=\"meta-item meta-item-student\"><div class=\"course-count-student\">0 Etudiant<\/div><\/div><\/div><div class=\"course-info\"><span class=\"course-price\"><span class=\"course-item-price\"><span class=\"free\">Gratuit<\/span><\/span><\/span><div class=\"course-readmore\"><a href=\"https:\/\/boostexpertiz.com\/?lp_course=entreprenariat-et-developpement-personnel\">En savoir plus<\/a><\/div><\/div><\/div><\/div><\/li><li class=\"course\"><div class=\"course-item\" data-id=\"3758\"><div class=\"course-thumbnail\"><a href=\"https:\/\/boostexpertiz.com\/?lp_course=entreprenariat-et-developpement-professionnel\"><div class=\"course-img\"><img decoding=\"async\" src=\"https:\/\/boostexpertiz.com\/wp-content\/plugins\/learnpress\/assets\/images\/no-image.png\" alt=\"Miniature du cours\"><\/div><\/a><\/div><div class=\"course-content\"><h3 class=\"wap-course-title\"><a class=\"course-permalink\" href=\"https:\/\/boostexpertiz.com\/?lp_course=entreprenariat-et-developpement-professionnel\"><span class='course-title'>Entreprenariat et d\u00e9veloppement professionnel<\/span><\/a><\/h3><div class=\"course-instructor-category\"><div><label>by<\/label> <div class=\"course-instructor\"><a href=\"https:\/\/boostexpertiz.com\/?page_id=4206\/boostexpertiz_academy\/\"  > <span class=\"instructor-display-name\">BOOST EXPERTIZ ACADEMY<\/span><\/a><\/div><\/div><div><label>in<\/label> <div class=\"course-categories\">Atelier de d\u00e9veloppement personnel et entrepreneurial<\/div><\/div><\/div><div class=\"course-wrap-meta\"><div class=\"meta-item meta-item-duration\"><span class=\"course-duration\">10 Weeks<\/span><\/div><div class=\"meta-item meta-item-level\"><span class=\"course-level\">Tous niveaux<\/span><\/div><div class=\"meta-item meta-item-lesson\"><div class=\"course-count-item lp_lesson\">0 Le\u00e7on<\/div><\/div><div class=\"meta-item meta-item-quiz\"><div class=\"course-count-item lp_quiz\">0 Quiz<\/div><\/div><div class=\"meta-item meta-item-student\"><div class=\"course-count-student\">0 Etudiant<\/div><\/div><\/div><div class=\"course-info\"><span class=\"course-price\"><span class=\"course-item-price\"><span class=\"free\">Gratuit<\/span><\/span><\/span><div class=\"course-readmore\"><a href=\"https:\/\/boostexpertiz.com\/?lp_course=entreprenariat-et-developpement-professionnel\">En savoir plus<\/a><\/div><\/div><\/div><\/div><\/li><li class=\"course\"><div class=\"course-item\" data-id=\"3728\"><div class=\"course-thumbnail\"><a href=\"https:\/\/boostexpertiz.com\/?lp_course=fg-projet\"><div class=\"course-img\"><img decoding=\"async\" src=\"https:\/\/boostexpertiz.com\/wp-content\/plugins\/learnpress\/assets\/images\/no-image.png\" alt=\"Miniature du cours\"><\/div><\/a><\/div><div class=\"course-content\"><h3 class=\"wap-course-title\"><a class=\"course-permalink\" href=\"https:\/\/boostexpertiz.com\/?lp_course=fg-projet\"><span class='course-title'>FG Projet<\/span><\/a><\/h3><div class=\"course-instructor-category\"><div><label>by<\/label> <div class=\"course-instructor\"><a href=\"https:\/\/boostexpertiz.com\/?page_id=4206\/boostexpertiz_academy\/\"  > <span class=\"instructor-display-name\">BOOST EXPERTIZ ACADEMY<\/span><\/a><\/div><\/div><div><label>in<\/label> <div class=\"course-categories\">Certificats<\/div><\/div><\/div><div class=\"course-wrap-meta\"><div class=\"meta-item meta-item-duration\"><span class=\"course-duration\">50 Hours<\/span><\/div><div class=\"meta-item meta-item-level\"><span class=\"course-level\">Tous niveaux<\/span><\/div><div class=\"meta-item meta-item-lesson\"><div class=\"course-count-item lp_lesson\">0 Le\u00e7on<\/div><\/div><div class=\"meta-item meta-item-quiz\"><div class=\"course-count-item lp_quiz\">0 Quiz<\/div><\/div><div class=\"meta-item meta-item-student\"><div class=\"course-count-student\">0 Etudiant<\/div><\/div><\/div><p class=\"course-short-description\">Certificat de comp\u00e9tences en formulation et gestion de projet social, de d\u00e9veloppement ou d\u2019action humanitaire...<\/p><div class=\"course-info\"><span class=\"course-price\"><span class=\"course-item-price\"><span class=\"free\">Gratuit<\/span><\/span><\/span><div class=\"course-readmore\"><a href=\"https:\/\/boostexpertiz.com\/?lp_course=fg-projet\">En savoir plus<\/a><\/div><\/div><\/div><\/div><\/li><li class=\"course\"><div class=\"course-item\" data-id=\"3730\"><div class=\"course-thumbnail\"><a href=\"https:\/\/boostexpertiz.com\/?lp_course=finadmin-projet\"><div class=\"course-img\"><img decoding=\"async\" src=\"https:\/\/boostexpertiz.com\/wp-content\/plugins\/learnpress\/assets\/images\/no-image.png\" alt=\"Miniature du cours\"><\/div><\/a><\/div><div class=\"course-content\"><h3 class=\"wap-course-title\"><a class=\"course-permalink\" href=\"https:\/\/boostexpertiz.com\/?lp_course=finadmin-projet\"><span class='course-title'>FinAdmin-Projet<\/span><\/a><\/h3><div class=\"course-instructor-category\"><div><label>by<\/label> <div class=\"course-instructor\"><a href=\"https:\/\/boostexpertiz.com\/?page_id=4206\/boostexpertiz_academy\/\"  > <span class=\"instructor-display-name\">BOOST EXPERTIZ ACADEMY<\/span><\/a><\/div><\/div><div><label>in<\/label> <div class=\"course-categories\">Certificats<\/div><\/div><\/div><div class=\"course-wrap-meta\"><div class=\"meta-item meta-item-duration\"><span class=\"course-duration\">45 Hours<\/span><\/div><div class=\"meta-item meta-item-level\"><span class=\"course-level\">Tous niveaux<\/span><\/div><div class=\"meta-item meta-item-lesson\"><div class=\"course-count-item lp_lesson\">0 Le\u00e7on<\/div><\/div><div class=\"meta-item meta-item-quiz\"><div class=\"course-count-item lp_quiz\">0 Quiz<\/div><\/div><div class=\"meta-item meta-item-student\"><div class=\"course-count-student\">0 Etudiant<\/div><\/div><\/div><p class=\"course-short-description\">Certificat de comp\u00e9tences en gestion administrative et financi\u00e8re de projet\/programme social ou d\u2019aide au d\u00e9veloppement...<\/p><div class=\"course-info\"><span class=\"course-price\"><span class=\"course-item-price\"><span class=\"free\">Gratuit<\/span><\/span><\/span><div class=\"course-readmore\"><a href=\"https:\/\/boostexpertiz.com\/?lp_course=finadmin-projet\">En savoir plus<\/a><\/div><\/div><\/div><\/div><\/li>\t\t\t\t<\/ul>\n\t\t\t<\/div>\n\t\t\t\t\t<\/div>\n\t\t\t\t<\/div>\n\t\t\t\t\t<\/div>\n\t\t<\/div>\n\t\t\t\t\t<\/div>\n\t\t<\/section>\n\t\t\t\t<section class=\"elementor-section elementor-top-section elementor-element elementor-element-68045bf elementor-section-stretched elementor-section-content-middle elementor-section-boxed elementor-section-height-default elementor-section-height-default\" data-id=\"68045bf\" data-element_type=\"section\" data-settings=\"{&quot;stretch_section&quot;:&quot;section-stretched&quot;,&quot;background_background&quot;:&quot;classic&quot;}\">\n\t\t\t\t\t\t\t<div class=\"elementor-background-overlay\"><\/div>\n\t\t\t\t\t\t\t<div class=\"elementor-container elementor-column-gap-no\">\n\t\t\t\t\t<div class=\"elementor-column elementor-col-66 elementor-top-column elementor-element elementor-element-dee535e\" data-id=\"dee535e\" data-element_type=\"column\">\n\t\t\t<div class=\"elementor-widget-wrap elementor-element-populated\">\n\t\t\t\t\t\t<div class=\"elementor-element elementor-element-b072f80 elementor-widget elementor-widget-text-editor\" data-id=\"b072f80\" data-element_type=\"widget\" data-widget_type=\"text-editor.default\">\n\t\t\t\t<div class=\"elementor-widget-container\">\n\t\t\t\t\t\t\t<h3><span style=\"font-size: 24px;\"><span style=\"color: #ffffff;\"><strong>0800 123 456<\/strong><\/span> <\/span><span style=\"color: #ffffff; font-size: 24px;\">Contact Us Today &#8211; We Answer Our Phones 24\/7<\/span><\/h3>\t\t\t\t\t\t<\/div>\n\t\t\t\t<\/div>\n\t\t\t\t\t<\/div>\n\t\t<\/div>\n\t\t\t\t<div class=\"elementor-column elementor-col-33 elementor-top-column elementor-element elementor-element-c8096f4\" data-id=\"c8096f4\" data-element_type=\"column\">\n\t\t\t<div class=\"elementor-widget-wrap elementor-element-populated\">\n\t\t\t\t\t\t<div class=\"elementor-element elementor-element-9d714dc elementor-widget elementor-widget-vt-elate_button\" data-id=\"9d714dc\" data-element_type=\"widget\" data-widget_type=\"vt-elate_button.default\">\n\t\t\t\t<div class=\"elementor-widget-container\">\n\t\t\t<div class=\"eclt-btn-wraper\"><a href=\"#0\"   class=\"eclt-btn\">Contact Us<\/a><\/div>\t\t<\/div>\n\t\t\t\t<\/div>\n\t\t\t\t\t<\/div>\n\t\t<\/div>\n\t\t\t\t\t<\/div>\n\t\t<\/section>\n\t\t\t\t<\/div>\n\t\t","protected":false},"excerpt":{"rendered":"NOS SESSIONS DE FORMATION Les sessions programm\u00e9es Ce sont les sessions de formation programm\u00e9es sur l\u2019ann\u00e9e et ouvertes \u00e0 tout[&#8230;]","protected":false},"author":1,"featured_media":0,"parent":0,"menu_order":0,"comment_status":"closed","ping_status":"closed","template":"","meta":[],"aioseo_notices":[],"_links":{"self":[{"href":"https:\/\/boostexpertiz.com\/index.php?rest_route=\/wp\/v2\/pages\/2656"}],"collection":[{"href":"https:\/\/boostexpertiz.com\/index.php?rest_route=\/wp\/v2\/pages"}],"about":[{"href":"https:\/\/boostexpertiz.com\/index.php?rest_route=\/wp\/v2\/types\/page"}],"author":[{"embeddable":true,"href":"https:\/\/boostexpertiz.com\/index.php?rest_route=\/wp\/v2\/users\/1"}],"replies":[{"embeddable":true,"href":"https:\/\/boostexpertiz.com\/index.php?rest_route=%2Fwp%2Fv2%2Fcomments&post=2656"}],"version-history":[{"count":41,"href":"https:\/\/boostexpertiz.com\/index.php?rest_route=\/wp\/v2\/pages\/2656\/revisions"}],"predecessor-version":[{"id":3781,"href":"https:\/\/boostexpertiz.com\/index.php?rest_route=\/wp\/v2\/pages\/2656\/revisions\/3781"}],"wp:attachment":[{"href":"https:\/\/boostexpertiz.com\/index.php?rest_route=%2Fwp%2Fv2%2Fmedia&parent=2656"}],"curies":[{"name":"wp","href":"https:\/\/api.w.org\/{rel}","templated":true}]}}